{"id":1215,"date":"2024-06-17T04:12:13","date_gmt":"2024-06-17T04:12:13","guid":{"rendered":"https:\/\/nut4you.eu\/servicii\/?post_type=product&#038;p=1215"},"modified":"2026-01-11T01:44:04","modified_gmt":"2026-01-11T01:44:04","slug":"ora-de-gatit-cu-nico","status":"publish","type":"product","link":"https:\/\/nut4you.eu\/servicii\/produs\/ora-de-gatit-cu-nico\/","title":{"rendered":"ORA DE GATIT CU NICO"},"content":{"rendered":"<h4><strong>Reguli pentru participarea la ora de g\u0103tit:<\/strong><\/h4>\n<ul>\n<li>Toate suprafe\u021bele sunt dezinfectate cu solu\u021bie antibacterian\u0103 \u0219i virucid\u0103.<\/li>\n<li>Sp\u0103larea m\u00e2inilor este obligatorie (asigur\u0103m s\u0103pun lichid antibacterian).<\/li>\n<li>Dezinfectarea m\u00e2inilor cu solu\u021bie antibacterian\u0103 este obligatorie.<\/li>\n<li>Num\u0103rul de locuri disponibile va fi afi\u0219at, iar \u00eenscrierile vor fi blocate c\u00e2nd se atinge limita de 5 participan\u021bi.<\/li>\n<li>Maxim 5 copii pe grup\u0103.<\/li>\n<li>Rezerva\u021bi din timp un loc!<\/li>\n<\/ul>\n","protected":false},"excerpt":{"rendered":"<h5><strong>DIETETICIAN AUTORIZAT<\/strong><\/h5>\n<p>VARSTA COPII: 9-11 ANI<\/p>\n<p>DATA: 09.08.2024<\/p>\n<p>ORA: 17:00<\/p>\n<p>LOCATIE: Strada V\u00e2rful cu Dor, Nr. 14, Ap. 08, Arad<\/p>\n<p>Pentru copii, ora de g\u0103tit reprezint\u0103 o modalitate pl\u0103cut\u0103 \u0219i captivant\u0103 de a-\u0219i petrece timpul liber. Aceasta le stimuleaz\u0103 creativitatea, oferindu-le distrac\u021bie, oportunit\u0103\u021bi de socializare \u0219i \u00eenv\u0103\u021barea principiilor unei alimenta\u021bii s\u0103n\u0103toase.<\/p>\n<p>\u00cen cadrul acestor sesiuni, copiii vor descoperi cum se prepar\u0103 m\u00e2ncarea, ce se \u00eent\u00e2mpl\u0103 cu alimentele dup\u0103 ce sunt consumate \u0219i importan\u021ba lor pentru s\u0103n\u0103tatea general\u0103. Aceste cursuri sunt benefice pentru copii, deoarece \u00eei ajut\u0103 s\u0103 adopte obiceiuri s\u0103n\u0103toase pe care le vor p\u0103stra pe tot parcursul vie\u021bii.<\/p>\n<p>Particip\u00e2nd \u00een mod regulat la aceste cursuri, copiii \u00ee\u0219i vor dezvolta capacitatea de \u00een\u021belegere, \u00ee\u0219i vor \u00eembun\u0103t\u0103\u021bi memoria \u0219i \u00ee\u0219i vor ascu\u021bi sim\u021burile.<\/p>\n<p>Pentru un copil creativ, este o mare satisfac\u021bie s\u0103 m\u0103soare ingredientele pentru o re\u021bet\u0103, s\u0103 decoreze farfuria \u0219i, \u00een final, s\u0103 fie m\u00e2ndru de realiz\u0103rile sale.<\/p>\n","protected":false},"featured_media":1216,"comment_status":"open","ping_status":"closed","template":"","meta":[],"product_cat":[85],"product_tag":[],"class_list":{"0":"post-1215","1":"product","2":"type-product","3":"status-publish","4":"has-post-thumbnail","6":"product_cat-pentru-copii","8":"first","9":"instock","10":"shipping-taxable","11":"purchasable","12":"product-type-simple"},"jetpack_sharing_enabled":true,"_links":{"self":[{"href":"https:\/\/nut4you.eu\/servicii\/wp-json\/wp\/v2\/product\/1215","targetHints":{"allow":["GET"]}}],"collection":[{"href":"https:\/\/nut4you.eu\/servicii\/wp-json\/wp\/v2\/product"}],"about":[{"href":"https:\/\/nut4you.eu\/servicii\/wp-json\/wp\/v2\/types\/product"}],"replies":[{"embeddable":true,"href":"https:\/\/nut4you.eu\/servicii\/wp-json\/wp\/v2\/comments?post=1215"}],"wp:featuredmedia":[{"embeddable":true,"href":"https:\/\/nut4you.eu\/servicii\/wp-json\/wp\/v2\/media\/1216"}],"wp:attachment":[{"href":"https:\/\/nut4you.eu\/servicii\/wp-json\/wp\/v2\/media?parent=1215"}],"wp:term":[{"taxonomy":"product_cat","embeddable":true,"href":"https:\/\/nut4you.eu\/servicii\/wp-json\/wp\/v2\/product_cat?post=1215"},{"taxonomy":"product_tag","embeddable":true,"href":"https:\/\/nut4you.eu\/servicii\/wp-json\/wp\/v2\/product_tag?post=1215"}],"curies":[{"name":"wp","href":"https:\/\/api.w.org\/{rel}","templated":true}]}}