{"id":1240,"date":"2024-02-17T05:42:50","date_gmt":"2024-02-17T05:42:50","guid":{"rendered":"https:\/\/nut4you.eu\/ro\/?post_type=product&#038;p=1240"},"modified":"2024-02-19T05:52:29","modified_gmt":"2024-02-19T05:52:29","slug":"pachet-vitaminizare-si-energizare-organism","status":"publish","type":"product","link":"https:\/\/nut4you.eu\/ro\/produs\/pachet-vitaminizare-si-energizare-organism\/","title":{"rendered":"PACHET VITAMINIZARE SI ENERGIZARE ORGANISM"},"content":{"rendered":"<ol>\n<li>\n<h4>Reishi:<\/h4>\n<\/li>\n<\/ol>\n<ul>\n<li>Reishi, cunoscut\u0103 \u0219i sub numele de &#8222;ciuperca nemuririi&#8221;, este una dintre cele mai apreciate ciuperci medicinale \u00een Medicina Tradi\u021bional\u0103 Chinez\u0103.<\/li>\n<li>Este recunoscut\u0103 pentru capacitatea sa de a fortifica sistemul imunitar.<\/li>\n<li>De asemenea, are propriet\u0103\u021bi antiinflamatorii, contribuind la prevenirea inflama\u021biilor din organism.<\/li>\n<\/ul>\n<h4>\u00a0 \u00a0 \u00a02. Daily:<\/h4>\n<ul>\n<li>Daily furnizeaz\u0103 un amestec echilibrat de 50 de nutrien\u021bi esen\u021biali, inclusiv vitamine \u0219i minerale din fructe \u0219i legume.<\/li>\n<li>Nu con\u021bine gluten, ceea ce o face potrivit\u0103 pentru cei cu intoleran\u021b\u0103 la gluten.<\/li>\n<li>Contribuie la hr\u0103nirea \u0219i protejarea organismului, oferindu-i substan\u021bele nutritive necesare pentru func\u021bionarea optim\u0103.<\/li>\n<\/ul>\n<h4>\u00a0 \u00a0 \u00a03. Complex B:<\/h4>\n<ul>\n<li>Complexul B din acest supliment ajut\u0103 la energizarea organismului.<\/li>\n<li>Corecteaz\u0103 eventualele deficien\u021be nutri\u021bionale, asigur\u00e2nd o diet\u0103 echilibrat\u0103.<\/li>\n<li>Are rol \u00een prevenirea stresului oxidativ, contribuind astfel la protejarea celulelor \u00eempotriva deterior\u0103rii.<\/li>\n<\/ul>\n<p>Reishi, cunoscut\u0103 \u0219i sub denumirea de &#8222;ciuperca nemuririi&#8221; \u00een Medicina Tradi\u021bional\u0103 Chinez\u0103, este apreciat\u0103 pentru puterea sa de a fortifica sistemul imunitar \u0219i de a preveni inflama\u021biile. Suplimentul Daily furnizeaz\u0103 un amestec echilibrat de 50 de nutrien\u021bi esen\u021biali, inclusiv vitamine \u0219i minerale din fructe \u0219i legume, f\u0103r\u0103 gluten, contribuind la hr\u0103nirea \u0219i protejarea organismului. Complexul B din acest supliment energizeaz\u0103 organismul, corecteaz\u0103 carentele nutri\u021bionale \u0219i ajut\u0103 la prevenirea stresului oxidativ. \u00cempreun\u0103, aceste elemente reformuleaz\u0103 abordarea nutri\u021bional\u0103 pentru a sus\u021bine s\u0103n\u0103tatea \u0219i vitalitatea.<\/p>\n","protected":false},"excerpt":{"rendered":"<h4>\u21d2 Reishi<\/h4>\n<h4>\u21d2 Daily<\/h4>\n<h4>\u21d2 Complex B<\/h4>\n","protected":false},"featured_media":1241,"comment_status":"open","ping_status":"closed","template":"","meta":{"om_disable_all_campaigns":false,"_monsterinsights_skip_tracking":false,"_monsterinsights_sitenote_active":false,"_monsterinsights_sitenote_note":"","_monsterinsights_sitenote_category":0},"product_brand":[],"product_cat":[90],"product_tag":[],"class_list":{"0":"post-1240","1":"product","2":"type-product","3":"status-publish","4":"has-post-thumbnail","6":"product_cat-pachete-si-suplimente","8":"first","9":"instock","10":"shipping-taxable","11":"purchasable","12":"product-type-simple"},"aioseo_notices":[],"jetpack_sharing_enabled":true,"_links":{"self":[{"href":"https:\/\/nut4you.eu\/ro\/wp-json\/wp\/v2\/product\/1240","targetHints":{"allow":["GET"]}}],"collection":[{"href":"https:\/\/nut4you.eu\/ro\/wp-json\/wp\/v2\/product"}],"about":[{"href":"https:\/\/nut4you.eu\/ro\/wp-json\/wp\/v2\/types\/product"}],"replies":[{"embeddable":true,"href":"https:\/\/nut4you.eu\/ro\/wp-json\/wp\/v2\/comments?post=1240"}],"wp:featuredmedia":[{"embeddable":true,"href":"https:\/\/nut4you.eu\/ro\/wp-json\/wp\/v2\/media\/1241"}],"wp:attachment":[{"href":"https:\/\/nut4you.eu\/ro\/wp-json\/wp\/v2\/media?parent=1240"}],"wp:term":[{"taxonomy":"product_brand","embeddable":true,"href":"https:\/\/nut4you.eu\/ro\/wp-json\/wp\/v2\/product_brand?post=1240"},{"taxonomy":"product_cat","embeddable":true,"href":"https:\/\/nut4you.eu\/ro\/wp-json\/wp\/v2\/product_cat?post=1240"},{"taxonomy":"product_tag","embeddable":true,"href":"https:\/\/nut4you.eu\/ro\/wp-json\/wp\/v2\/product_tag?post=1240"}],"curies":[{"name":"wp","href":"https:\/\/api.w.org\/{rel}","templated":true}]}}