{"id":1228,"date":"2024-02-17T04:23:33","date_gmt":"2024-02-17T04:23:33","guid":{"rendered":"https:\/\/nut4you.eu\/ro\/?post_type=product&#038;p=1228"},"modified":"2024-02-19T05:33:26","modified_gmt":"2024-02-19T05:33:26","slug":"pachet-prevenirea-alergiei","status":"publish","type":"product","link":"https:\/\/nut4you.eu\/ro\/produs\/pachet-prevenirea-alergiei\/","title":{"rendered":"PACHET PREVENIREA ALERGIEI"},"content":{"rendered":"<h4>\u00a0 \u00a0 \u00a01. Reishi:<\/h4>\n<ul>\n<li>Reishi, cunoscut\u0103 \u0219i sub numele de &#8222;ciuperca nemuririi,&#8221; este apreciat\u0103 \u00een Medicina Tradi\u021bional\u0103 Chinez\u0103 pentru propriet\u0103\u021bile sale medicinale.<\/li>\n<li>Aceast\u0103 ciuperc\u0103 fortific\u0103 sistemul imunitar, ajut\u00e2nd organismul s\u0103 se apere \u00eempotriva infec\u021biilor \u0219i bolilor.<\/li>\n<li>Reishi are poten\u021bialul de a preveni inflama\u021biile \u0219i alergiile din organism.<\/li>\n<li>De asemenea, contribuie la \u00eembun\u0103t\u0103\u021birea tonusului \u0219i vitalit\u0103\u021bii celulare.<\/li>\n<\/ul>\n<h4>\u00a0 \u00a0 \u00a02.\u00a0Omega 3:<\/h4>\n<ul>\n<li>Compus din patru ingrediente de cea mai bun\u0103 calitate: Omega acizi gra\u0219i 3, 6, 9, EPA \u0219i DHA, CoQ10, Vitamina K2 \u0219i Extract ou fertilizat aviara.<\/li>\n<li>Are un rol antiinflamator, reduc\u00e2nd diverse tipuri de alergii.<\/li>\n<li>Omega 3 ajut\u0103 la reducerea oboseal\u0103 \u0219i poate sus\u021bine func\u021biile cognitive s\u0103n\u0103toase.<\/li>\n<\/ul>\n<h4>\u00a0 \u00a0 3. Turmeric:<\/h4>\n<ul>\n<li>Previne rinitele alergice \u0219i ofer\u0103 alinare \u00een caz de disconfort nazal.<\/li>\n<li>Are propriet\u0103\u021bi antiinflamatoare puternice, contribuind la reducerea inflama\u021biilor \u00een organism.<\/li>\n<li>Turmericul poate avea efecte alcalinizante, ajut\u00e2nd la men\u021binerea unui echilibru s\u0103n\u0103tos \u00een organism.<\/li>\n<\/ul>\n<h4>\u00a0 \u00a0 4. Vitamina C:<\/h4>\n<ul>\n<li>Sus\u021bine sistemul imunitar \u0219i contribuie la protejarea organismului \u00eempotriva infec\u021biilor.<\/li>\n<li>Este un antioxidant puternic, ajut\u00e2nd la combaterea radicalilor liberi \u0219i la protejarea celulelor \u00eempotriva stresului oxidativ.<\/li>\n<li>C\u00e2nd este incorporat\u0103 \u00een t\u0103r\u00e2\u021be, vitamina C se elibereaz\u0103 lent, datorit\u0103 aportului de fibre, oferind beneficii pe termen lung.<\/li>\n<\/ul>\n<h4>\u00a0 \u00a0 \u00a05. Complex B:<\/h4>\n<ul>\n<li>Sus\u021bine sistemul imunitar \u0219i contribuie la men\u021binerea s\u0103n\u0103t\u0103\u021bii sistemului nervos.<\/li>\n<li>Poate ajuta la prevenirea inflama\u021biilor \u00een organism.<\/li>\n<\/ul>\n<h5>Pachetul se va tine timp de 2 luni de zile.<\/h5>\n","protected":false},"excerpt":{"rendered":"<h4>\u21d2 Reishi<\/h4>\n<h4>\u21d2 Omega3<\/h4>\n<h4>\u21d2 Turmeric<\/h4>\n<h4>\u21d2 Vitamina C<\/h4>\n<h4>\u21d2 Complex B<\/h4>\n<h4><\/h4>\n","protected":false},"featured_media":1230,"comment_status":"open","ping_status":"closed","template":"","meta":{"om_disable_all_campaigns":false,"_monsterinsights_skip_tracking":false,"_monsterinsights_sitenote_active":false,"_monsterinsights_sitenote_note":"","_monsterinsights_sitenote_category":0},"product_brand":[],"product_cat":[90],"product_tag":[],"class_list":{"0":"post-1228","1":"product","2":"type-product","3":"status-publish","4":"has-post-thumbnail","6":"product_cat-pachete-si-suplimente","8":"first","9":"instock","10":"shipping-taxable","11":"purchasable","12":"product-type-simple"},"aioseo_notices":[],"jetpack_sharing_enabled":true,"_links":{"self":[{"href":"https:\/\/nut4you.eu\/ro\/wp-json\/wp\/v2\/product\/1228","targetHints":{"allow":["GET"]}}],"collection":[{"href":"https:\/\/nut4you.eu\/ro\/wp-json\/wp\/v2\/product"}],"about":[{"href":"https:\/\/nut4you.eu\/ro\/wp-json\/wp\/v2\/types\/product"}],"replies":[{"embeddable":true,"href":"https:\/\/nut4you.eu\/ro\/wp-json\/wp\/v2\/comments?post=1228"}],"wp:featuredmedia":[{"embeddable":true,"href":"https:\/\/nut4you.eu\/ro\/wp-json\/wp\/v2\/media\/1230"}],"wp:attachment":[{"href":"https:\/\/nut4you.eu\/ro\/wp-json\/wp\/v2\/media?parent=1228"}],"wp:term":[{"taxonomy":"product_brand","embeddable":true,"href":"https:\/\/nut4you.eu\/ro\/wp-json\/wp\/v2\/product_brand?post=1228"},{"taxonomy":"product_cat","embeddable":true,"href":"https:\/\/nut4you.eu\/ro\/wp-json\/wp\/v2\/product_cat?post=1228"},{"taxonomy":"product_tag","embeddable":true,"href":"https:\/\/nut4you.eu\/ro\/wp-json\/wp\/v2\/product_tag?post=1228"}],"curies":[{"name":"wp","href":"https:\/\/api.w.org\/{rel}","templated":true}]}}