{"id":1222,"date":"2024-02-06T08:57:17","date_gmt":"2024-02-06T08:57:17","guid":{"rendered":"https:\/\/nut4you.eu\/ro\/?post_type=product&#038;p=1222"},"modified":"2024-02-22T07:28:03","modified_gmt":"2024-02-22T07:28:03","slug":"pachet-imunitate-si-prevenirea-racelilor","status":"publish","type":"product","link":"https:\/\/nut4you.eu\/ro\/produs\/pachet-imunitate-si-prevenirea-racelilor\/","title":{"rendered":"PACHET IMUNITATE \u0218I PREVENIREA R\u0102CELILOR"},"content":{"rendered":"<h4>DESCRIERE PACHET<\/h4>\n<p>Pachetul este o combina\u021bie de produse menite s\u0103 ofere beneficii pentru s\u0103n\u0103tate, concentr\u00e2ndu-se \u00een special pe propriet\u0103\u021bile benefice ale ciupercii Reishi, cunoscut\u0103 \u0219i sub numele de &#8222;ciuperca nemuririi&#8221;. Iat\u0103 o descriere detaliat\u0103 a fiec\u0103rui element din pachet:<\/p>\n<ol>\n<li>\n<h4><strong>Reishi (Ciuperca Nemuririi):<\/strong><\/h4>\n<ul>\n<li>Cunoscut\u0103 sub numele de &#8222;ciuperca nemuririi&#8221;, Reishi este una dintre cele mai apreciate ciuperci medicinale \u00een Medicina Tradi\u021bional\u0103 Chinez\u0103.<\/li>\n<li>Contribuie la fortificarea sistemului imunitar, ajut\u00e2nd organismul s\u0103 se apere \u00eempotriva agen\u021bilor patogeni.<\/li>\n<li>Are propriet\u0103\u021bi antiinflamatorii, contribuind la reducerea inflama\u021biilor din organism.<\/li>\n<li>Sus\u021bine \u00eembun\u0103t\u0103\u021birea tonusului \u0219i vitalit\u0103\u021bii celulare, promov\u00e2nd starea general\u0103 de bine.<\/li>\n<\/ul>\n<\/li>\n<li>\n<h4><strong>Daily (Vitamine din Fructe \u0219i Legume):<\/strong><\/h4>\n<ul>\n<li>Furnizeaz\u0103 organismului o doz\u0103 zilnic\u0103 echilibrat\u0103 de 50 de nutrien\u021bi esen\u021biali, inclusiv vitamine \u0219i minerale.<\/li>\n<li>Protejeaz\u0103 organismul, contribuind la men\u021binerea s\u0103n\u0103t\u0103\u021bii \u0219i func\u021bion\u0103rii normale a acestuia.<\/li>\n<\/ul>\n<\/li>\n<li>\n<h4><strong>Vitamina C (\u00cencorporat\u0103 \u00een T\u0103r\u00e2\u021be):<\/strong><\/h4>\n<ul>\n<li>Sustine sistemul imunitar, contribuind la ap\u0103rarea \u00eempotriva infec\u021biilor \u0219i bolilor.<\/li>\n<li>Func\u021bioneaz\u0103 ca un antioxidant puternic, ajut\u00e2nd la neutralizarea radicalilor liberi din organism.<\/li>\n<li>Fiind \u00eencorporat\u0103 \u00een t\u0103r\u00e2\u021be, elibereaz\u0103 lent vitamina C datorit\u0103 con\u021binutului de fibre, oferind beneficii pe termen lung.<\/li>\n<\/ul>\n<\/li>\n<li>\n<h4><strong>Imune:<\/strong><\/h4>\n<ul>\n<li>\u00cembun\u0103t\u0103\u021be\u0219te imunitatea, oferind o ap\u0103rare eficient\u0103 \u00eempotriva agen\u021bilor patogeni.<\/li>\n<li>Con\u021bine o combina\u021bie de ciuperci Reishi, Maitake \u0219i ciuperci turce\u0219ti, aduc\u00e2nd beneficii suplimentare sistemului imunitar.<\/li>\n<li>Previn infec\u021biile, asigur\u00e2nd o protec\u021bie robust\u0103 \u00eempotriva bolilor \u0219i a infec\u021biilor.<\/li>\n<\/ul>\n<\/li>\n<\/ol>\n<p>Prin aceast\u0103 combina\u021bie de produse, pachetul ofer\u0103 un suport complex pentru s\u0103n\u0103tatea general\u0103, cu accent pe \u00eent\u0103rirea sistemului imunitar, reducerea inflama\u021biilor \u0219i sus\u021binerea vitalit\u0103\u021bii celulare.<\/p>\n<h5>Pachetul se va tine timp de 2 luni de zile.<\/h5>\n","protected":false},"excerpt":{"rendered":"<h4><strong>\u21d2 Reishi<\/strong><\/h4>\n<h4><strong>\u21d2 Daily<\/strong><\/h4>\n<h4><strong>\u21d2 Vitamina C<\/strong><\/h4>\n<h4><strong>\u21d2 Imune<\/strong><\/h4>\n","protected":false},"featured_media":1224,"comment_status":"open","ping_status":"closed","template":"","meta":{"om_disable_all_campaigns":false,"_monsterinsights_skip_tracking":false,"_monsterinsights_sitenote_active":false,"_monsterinsights_sitenote_note":"","_monsterinsights_sitenote_category":0},"product_brand":[],"product_cat":[90],"product_tag":[],"class_list":{"0":"post-1222","1":"product","2":"type-product","3":"status-publish","4":"has-post-thumbnail","6":"product_cat-pachete-si-suplimente","8":"first","9":"instock","10":"shipping-taxable","11":"purchasable","12":"product-type-simple"},"aioseo_notices":[],"jetpack_sharing_enabled":true,"_links":{"self":[{"href":"https:\/\/nut4you.eu\/ro\/wp-json\/wp\/v2\/product\/1222","targetHints":{"allow":["GET"]}}],"collection":[{"href":"https:\/\/nut4you.eu\/ro\/wp-json\/wp\/v2\/product"}],"about":[{"href":"https:\/\/nut4you.eu\/ro\/wp-json\/wp\/v2\/types\/product"}],"replies":[{"embeddable":true,"href":"https:\/\/nut4you.eu\/ro\/wp-json\/wp\/v2\/comments?post=1222"}],"wp:featuredmedia":[{"embeddable":true,"href":"https:\/\/nut4you.eu\/ro\/wp-json\/wp\/v2\/media\/1224"}],"wp:attachment":[{"href":"https:\/\/nut4you.eu\/ro\/wp-json\/wp\/v2\/media?parent=1222"}],"wp:term":[{"taxonomy":"product_brand","embeddable":true,"href":"https:\/\/nut4you.eu\/ro\/wp-json\/wp\/v2\/product_brand?post=1222"},{"taxonomy":"product_cat","embeddable":true,"href":"https:\/\/nut4you.eu\/ro\/wp-json\/wp\/v2\/product_cat?post=1222"},{"taxonomy":"product_tag","embeddable":true,"href":"https:\/\/nut4you.eu\/ro\/wp-json\/wp\/v2\/product_tag?post=1222"}],"curies":[{"name":"wp","href":"https:\/\/api.w.org\/{rel}","templated":true}]}}